{"id":277515,"date":"2025-05-22T17:53:54","date_gmt":"2025-05-22T17:53:54","guid":{"rendered":"https:\/\/testsajt57.hemsidemallar.eu\/?page_id=277515"},"modified":"2026-04-01T08:06:54","modified_gmt":"2026-04-01T06:06:54","slug":"kontakt","status":"publish","type":"page","link":"https:\/\/inducore.se\/en\/kontakt\/","title":{"rendered":"Contact"},"content":{"rendered":"<p>[et_pb_section fb_built=&#8221;1&#8243; custom_padding_last_edited=&#8221;on|phone&#8221; _builder_version=&#8221;4.27.4&#8243; _module_preset=&#8221;default&#8221; background_color=&#8221;#063b41&#8243; custom_padding=&#8221;111px||9px|||&#8221; custom_padding_tablet=&#8221;111px||111px|||&#8221; custom_padding_phone=&#8221;20px||0px||false|false&#8221; global_colors_info=&#8221;{}&#8221;][\/et_pb_section][et_pb_section fb_built=&#8221;1&#8243; _builder_version=&#8221;4.27.4&#8243; _module_preset=&#8221;default&#8221; background_color=&#8221;#063b41&#8243; custom_padding=&#8221;5px||0px||false|false&#8221; global_colors_info=&#8221;{}&#8221;][et_pb_row _builder_version=&#8221;4.27.4&#8243; _module_preset=&#8221;default&#8221; background_color=&#8221;#063b41&#8243; width=&#8221;100%&#8221; max_width=&#8221;100%&#8221; height=&#8221;300px&#8221; border_radii=&#8221;off||200px||&#8221; border_color_top=&#8221;#009da8&#8243; border_color_right=&#8221;#009da8&#8243; box_shadow_style=&#8221;preset7&#8243; box_shadow_horizontal=&#8221;-1px&#8221; box_shadow_vertical=&#8221;2px&#8221; box_shadow_spread=&#8221;-1px&#8221; box_shadow_color=&#8221;#009da8&#8243; global_colors_info=&#8221;{}&#8221;][et_pb_column type=&#8221;4_4&#8243; _builder_version=&#8221;4.27.4&#8243; _module_preset=&#8221;default&#8221; global_colors_info=&#8221;{}&#8221;][et_pb_text admin_label=&#8221;Text&#8221; _builder_version=&#8221;4.27.4&#8243; text_font=&#8221;Inter|300|||||||&#8221; text_font_size=&#8221;19px&#8221; text_line_height=&#8221;1.8em&#8221; ul_font=&#8221;||||||||&#8221; header_font=&#8221;Onest||||||||&#8221; header_text_align=&#8221;left&#8221; header_text_color=&#8221;#84b0ad&#8221; background_layout=&#8221;dark&#8221; module_alignment=&#8221;center&#8221; custom_margin=&#8221;44px||8px||false|false&#8221; text_line_height_tablet=&#8221;2em&#8221; text_line_height_phone=&#8221;2em&#8221; text_line_height_last_edited=&#8221;off|desktop&#8221; header_line_height_tablet=&#8221;1.2em&#8221; header_line_height_phone=&#8221;1em&#8221; header_line_height_last_edited=&#8221;on|phone&#8221; header_text_shadow_style=&#8221;preset3&#8243; header_text_shadow_color=&#8221;rgba(0,0,0,0.06)&#8221; global_colors_info=&#8221;{}&#8221;]<\/p>\n<h1 style=\"text-align: center;\">Contact<\/h1>\n<h3 style=\"text-align: center;\"><b>Inducore AB<\/b><\/h3>\n<p style=\"text-align: center;\"><span style=\"font-weight: 400;\">Kopparbergsv\u00e4gen 10<br \/><\/span><span style=\"font-weight: 400;\">722 13 Vasteras<\/span><\/p>\n<p>[\/et_pb_text][\/et_pb_column][\/et_pb_row][\/et_pb_section][et_pb_section fb_built=&#8221;1&#8243; custom_padding_last_edited=&#8221;on|phone&#8221; _builder_version=&#8221;4.27.4&#8243; _module_preset=&#8221;default&#8221; background_color=&#8221;#063b41&#8243; custom_margin=&#8221;||||false|false&#8221; custom_padding=&#8221;17px||109px|||&#8221; custom_padding_tablet=&#8221;140px||86px|||&#8221; custom_padding_phone=&#8221;90px||86px||false|false&#8221; border_radii=&#8221;off||||&#8221; border_color_top=&#8221;#FFFFFF&#8221; global_colors_info=&#8221;{}&#8221;][et_pb_row column_structure=&#8221;1_3,1_3,1_3&#8243; use_custom_gutter=&#8221;on&#8221; gutter_width=&#8221;2&#8243; make_equal=&#8221;on&#8221; _builder_version=&#8221;4.27.4&#8243; max_width=&#8221;1350px&#8221; custom_margin=&#8221;0px||||false|false&#8221; custom_padding=&#8221;0||29px||false|true&#8221; global_colors_info=&#8221;{}&#8221;][et_pb_column type=&#8221;1_3&#8243; _builder_version=&#8221;4.16&#8243; custom_padding=&#8221;|||&#8221; global_colors_info=&#8221;{}&#8221; custom_padding__hover=&#8221;|||&#8221;][et_pb_blurb title=&#8221;Magnus Biesse&#8221; image=&#8221;https:\/\/inducore.se\/wp-content\/uploads\/2025\/09\/Inducore-Magnus-Biesse-5917.jpg&#8221; _builder_version=&#8221;4.27.4&#8243; _module_preset=&#8221;default&#8221; header_level=&#8221;h3&#8243; header_font=&#8221;Onest|600|||||||&#8221; header_text_color=&#8221;#FFFFFF&#8221; header_font_size=&#8221;31px&#8221; body_font=&#8221;Inter||||||||&#8221; body_text_color=&#8221;#84b0ad&#8221; body_font_size=&#8221;15px&#8221; background_layout=&#8221;dark&#8221; header_font_size_tablet=&#8221;31px&#8221; header_font_size_phone=&#8221;31px&#8221; header_font_size_last_edited=&#8221;on|phone&#8221; border_radii_image=&#8221;off||60px||60px&#8221; global_colors_info=&#8221;{}&#8221;]<\/p>\n<p>President and CEO<\/p>\n<p><a href=\"mailto:magnus.biesse@%20\u200b\u200b\u200b\u200b\u200b\u200b\u200binducore.se\">magnus.biesse@\u200b\u200b\u200b\u200b\u200b\u200b\u200binducore.se<\/a><\/p>\n<p><a href=\"tel:+46(0)73-370%2036 66\">+46(0)73-370 36 66<\/a><\/p>\n<p>[\/et_pb_blurb][\/et_pb_column][et_pb_column type=&#8221;1_3&#8243; _builder_version=&#8221;4.16&#8243; custom_padding=&#8221;|||&#8221; global_colors_info=&#8221;{}&#8221; custom_padding__hover=&#8221;|||&#8221;][et_pb_blurb title=&#8221;Jonas Hellnemo&#8221; image=&#8221;https:\/\/inducore.se\/wp-content\/uploads\/2025\/09\/Inducore-Jonas-Hellnemo5820.jpg&#8221; _builder_version=&#8221;4.27.4&#8243; _module_preset=&#8221;default&#8221; header_level=&#8221;h3&#8243; header_font=&#8221;Onest|600|||||||&#8221; header_text_color=&#8221;#FFFFFF&#8221; header_font_size=&#8221;31px&#8221; body_font=&#8221;Inter||||||||&#8221; body_text_color=&#8221;#84b0ad&#8221; body_font_size=&#8221;15px&#8221; background_layout=&#8221;dark&#8221; border_radii_image=&#8221;off||60px||60px&#8221; global_colors_info=&#8221;{}&#8221;]<\/p>\n<p>Business Controller<\/p>\n<p><a href=\"mailto:jonas.hellnemo@\u200b\u200b\u200b\u200b\u200b\u200b\u200binducore.se\">jonas.hellnemo@\u200b\u200b\u200b\u200b\u200b\u200b\u200binducore.se<\/a><\/p>\n<p><a href=\"tel:+46(0)70-345%2028 00\">+46(0)70-345 28 00<\/a><\/p>\n<p>[\/et_pb_blurb][\/et_pb_column][et_pb_column type=&#8221;1_3&#8243; _builder_version=&#8221;4.16&#8243; custom_padding=&#8221;|||&#8221; global_colors_info=&#8221;{}&#8221; custom_padding__hover=&#8221;|||&#8221;][et_pb_blurb title=&#8221;Urban Russell Felth&#8221; image=&#8221;https:\/\/inducore.se\/wp-content\/uploads\/2025\/12\/Tom-bild.jpg&#8221; _builder_version=&#8221;4.27.4&#8243; _module_preset=&#8221;default&#8221; header_level=&#8221;h3&#8243; header_font=&#8221;Onest|600|||||||&#8221; header_text_color=&#8221;#FFFFFF&#8221; header_font_size=&#8221;31px&#8221; body_font=&#8221;Inter||||||||&#8221; body_text_color=&#8221;#84b0ad&#8221; body_font_size=&#8221;15px&#8221; background_layout=&#8221;dark&#8221; border_radii_image=&#8221;off||60px||60px&#8221; global_colors_info=&#8221;{}&#8221;]<\/p>\n<p>Acting Group CFO<\/p>\n<p><a href=\"mailto:urban.russellfelth@\u200b\u200b\u200b\u200b\u200b\u200b\u200binducore.se\">urban.russellfelth@\u200b\u200b\u200b\u200b\u200b\u200b\u200binducore.se<\/a><\/p>\n<p><a href=\"tel:+46(0)70-7624077\">+46(0)70-762 4077<\/a><\/p>\n<p>[\/et_pb_blurb][\/et_pb_column][\/et_pb_row][et_pb_row column_structure=&#8221;1_3,1_3,1_3&#8243; use_custom_gutter=&#8221;on&#8221; gutter_width=&#8221;2&#8243; make_equal=&#8221;on&#8221; _builder_version=&#8221;4.27.4&#8243; max_width=&#8221;1350px&#8221; custom_margin=&#8221;31px|auto||auto||&#8221; custom_padding=&#8221;0||29px||false|true&#8221; global_colors_info=&#8221;{}&#8221;][et_pb_column type=&#8221;1_3&#8243; _builder_version=&#8221;4.16&#8243; custom_padding=&#8221;|||&#8221; global_colors_info=&#8221;{}&#8221; custom_padding__hover=&#8221;|||&#8221;][et_pb_blurb title=&#8221;Ellinor Aspman&#8221; image=&#8221;https:\/\/inducore.se\/wp-content\/uploads\/2025\/09\/Inducore-Ellinor-Aspman-5778.jpg&#8221; _builder_version=&#8221;4.27.4&#8243; _module_preset=&#8221;default&#8221; header_level=&#8221;h3&#8243; header_font=&#8221;Onest|600|||||||&#8221; header_text_color=&#8221;#FFFFFF&#8221; header_font_size=&#8221;31px&#8221; body_font=&#8221;Inter||||||||&#8221; body_text_color=&#8221;#84b0ad&#8221; body_font_size=&#8221;15px&#8221; background_layout=&#8221;dark&#8221; border_radii_image=&#8221;off||60px||60px&#8221; global_colors_info=&#8221;{}&#8221;]<\/p>\n<p>Group P&amp;O<\/p>\n<p><a href=\"tel:+46%20(0)76-512 59 18\">+46 (0)76-512 59 18<\/a><\/p>\n<p><a href=\"mailto:ellinor.aspman@inducore.se\">ellinor.aspman@inducore.se<\/a><\/p>\n<p>[\/et_pb_blurb][\/et_pb_column][et_pb_column type=&#8221;1_3&#8243; _builder_version=&#8221;4.16&#8243; custom_padding=&#8221;|||&#8221; global_colors_info=&#8221;{}&#8221; custom_padding__hover=&#8221;|||&#8221;][et_pb_blurb title=&#8221;Emanuel Svensson&#8221; image=&#8221;https:\/\/inducore.se\/wp-content\/uploads\/2025\/09\/Inducore-Emanuel-Svensson-5877.jpg&#8221; _builder_version=&#8221;4.27.4&#8243; _module_preset=&#8221;default&#8221; header_level=&#8221;h3&#8243; header_font=&#8221;Onest|600|||||||&#8221; header_text_color=&#8221;#FFFFFF&#8221; header_font_size=&#8221;31px&#8221; body_font=&#8221;Inter||||||||&#8221; body_text_color=&#8221;#84b0ad&#8221; body_font_size=&#8221;15px&#8221; background_layout=&#8221;dark&#8221; border_radii_image=&#8221;off||60px||60px&#8221; global_colors_info=&#8221;{}&#8221;]<\/p>\n<p>Business Area Manager Components<\/p>\n<p><a href=\"tel:+46(0)70-567%2041 23\">+46(0)70-567 41 23<\/a><\/p>\n<p><a href=\"mailto:emanuel.svensson@inducore.se\">emanuel.svensson@inducore.se<\/a><\/p>\n<p>[\/et_pb_blurb][\/et_pb_column][et_pb_column type=&#8221;1_3&#8243; _builder_version=&#8221;4.16&#8243; custom_padding=&#8221;|||&#8221; global_colors_info=&#8221;{}&#8221; custom_padding__hover=&#8221;|||&#8221;][\/et_pb_column][\/et_pb_row][et_pb_row column_structure=&#8221;1_3,1_3,1_3&#8243; use_custom_gutter=&#8221;on&#8221; gutter_width=&#8221;2&#8243; make_equal=&#8221;on&#8221; _builder_version=&#8221;4.27.4&#8243; max_width=&#8221;1350px&#8221; custom_margin=&#8221;31px|auto||auto||&#8221; custom_padding=&#8221;0||29px||false|true&#8221; global_colors_info=&#8221;{}&#8221;][et_pb_column type=&#8221;1_3&#8243; _builder_version=&#8221;4.16&#8243; custom_padding=&#8221;|||&#8221; global_colors_info=&#8221;{}&#8221; custom_padding__hover=&#8221;|||&#8221;][et_pb_blurb title=&#8221;Monica Sundell&#8221; image=&#8221;https:\/\/inducore.se\/wp-content\/uploads\/2025\/09\/Inducore-Monica-Sundell-6588.jpg&#8221; _builder_version=&#8221;4.27.4&#8243; _module_preset=&#8221;default&#8221; header_level=&#8221;h3&#8243; header_font=&#8221;Onest|600|||||||&#8221; header_text_color=&#8221;#FFFFFF&#8221; header_font_size=&#8221;31px&#8221; body_font=&#8221;Inter||||||||&#8221; body_text_color=&#8221;#84b0ad&#8221; body_font_size=&#8221;15px&#8221; background_layout=&#8221;dark&#8221; border_radii_image=&#8221;off||60px||60px&#8221; global_colors_info=&#8221;{}&#8221;]<\/p>\n<p>Group Sustainability coordinator<\/p>\n<p><a href=\"mailto:monica.sundell@inducore.se\">monica.sundell@inducore.se<\/a><\/p>\n<p><a href=\"tel:Telefon%20+46 (0) 72-088 03 23\">+46 (0) 72-088 03 23<\/a><\/p>\n<p>[\/et_pb_blurb][et_pb_blurb title=&#8221;Johanna Sch\u00f6n&#8221; image=&#8221;https:\/\/inducore.se\/wp-content\/uploads\/2025\/07\/hk_johanna_schoon_webbny.jpg&#8221; _builder_version=&#8221;4.27.4&#8243; _module_preset=&#8221;default&#8221; header_level=&#8221;h3&#8243; header_font=&#8221;Onest|600|||||||&#8221; header_text_color=&#8221;#FFFFFF&#8221; header_font_size=&#8221;31px&#8221; body_font=&#8221;Inter||||||||&#8221; body_text_color=&#8221;#84b0ad&#8221; body_font_size=&#8221;15px&#8221; background_layout=&#8221;dark&#8221; border_radii_image=&#8221;off||60px||60px&#8221; global_colors_info=&#8221;{}&#8221;]<\/p>\n<p>Group Accounting<\/p>\n<p><a href=\"mailto:johanna.schon@\u200b\u200b\u200b\u200b\u200b\u200b\u200binducore.se\">johanna.schon@\u200b\u200b\u200b\u200b\u200b\u200b\u200binducore.se<\/a><\/p>\n<p><a href=\"tel:\u200b\u200b\u200b\u200b\u200b\u200b\u200b\u200b\u200b\u200b\u200b\u200b+46(0)70-46%20070 88\">\u200b\u200b\u200b\u200b\u200b\u200b\u200b\u200b\u200b\u200b+46(0)70-46 070 88<\/a><\/p>\n<p>[\/et_pb_blurb][\/et_pb_column][et_pb_column type=&#8221;1_3&#8243; _builder_version=&#8221;4.16&#8243; custom_padding=&#8221;|||&#8221; global_colors_info=&#8221;{}&#8221; custom_padding__hover=&#8221;|||&#8221;][et_pb_blurb title=&#8221;Johan Nyberg&#8221; image=&#8221;https:\/\/inducore.se\/wp-content\/uploads\/2025\/12\/Tom-bild.jpg&#8221; _builder_version=&#8221;4.27.4&#8243; _module_preset=&#8221;default&#8221; header_level=&#8221;h3&#8243; header_font=&#8221;Onest|600|||||||&#8221; header_text_color=&#8221;#FFFFFF&#8221; header_font_size=&#8221;31px&#8221; body_font=&#8221;Inter||||||||&#8221; body_text_color=&#8221;#84b0ad&#8221; body_font_size=&#8221;15px&#8221; background_layout=&#8221;dark&#8221; border_radii_image=&#8221;off||60px||60px&#8221; global_colors_info=&#8221;{}&#8221;]<\/p>\n<p>HR Business Partner<\/p>\n<p><a href=\"tel:+46(0)70-272%2052 35\">+46(0)<\/a><a href=\"tel:+46702725235\">70-272 52 35<\/a><a href=\"tel:+46(0)70-272%2052 35\"><\/a><\/p>\n<p><a href=\"mailto:johan.nyberg@inducore.se%20\u200b\u200b\u200b\u200b\u200b\u200b\u200b\">johan.nyberg@inducore.se \u200b\u200b\u200b\u200b\u200b\u200b\u200b<\/a><\/p>\n<p>[\/et_pb_blurb][et_pb_blurb title=&#8221;Eva Salo&#8221; image=&#8221;https:\/\/inducore.se\/wp-content\/uploads\/2025\/07\/eva_salo_webb2_ny.jpg&#8221; _builder_version=&#8221;4.27.4&#8243; _module_preset=&#8221;default&#8221; header_level=&#8221;h3&#8243; header_font=&#8221;Onest|600|||||||&#8221; header_text_color=&#8221;#FFFFFF&#8221; header_font_size=&#8221;31px&#8221; body_font=&#8221;Inter||||||||&#8221; body_text_color=&#8221;#84b0ad&#8221; body_font_size=&#8221;15px&#8221; background_layout=&#8221;dark&#8221; border_radii_image=&#8221;off||60px||60px&#8221; global_colors_info=&#8221;{}&#8221;]<\/p>\n<p>Group Accounting<\/p>\n<p><a href=\"mailto:eva.salo@\u200b\u200b\u200b\u200b\u200b\u200b\u200binducore.se%20\u200b\u200b\u200b\u200b\">eva.salo@\u200b\u200b\u200b\u200b\u200b\u200b\u200binducore.se\u200b\u200b\u200b\u200b<\/a><\/p>\n<p><a href=\"tel:+46(0)70-496%2066 87\">+46(0)70-496 66 87<\/a><\/p>\n<p>[\/et_pb_blurb][\/et_pb_column][et_pb_column type=&#8221;1_3&#8243; _builder_version=&#8221;4.16&#8243; custom_padding=&#8221;|||&#8221; global_colors_info=&#8221;{}&#8221; custom_padding__hover=&#8221;|||&#8221;][et_pb_blurb title=&#8221;Fredrik Hultin&#8221; image=&#8221;https:\/\/inducore.se\/wp-content\/uploads\/2025\/12\/Tom-bild.jpg&#8221; _builder_version=&#8221;4.27.4&#8243; _module_preset=&#8221;default&#8221; header_level=&#8221;h3&#8243; header_font=&#8221;Onest|600|||||||&#8221; header_text_color=&#8221;#FFFFFF&#8221; header_font_size=&#8221;31px&#8221; body_font=&#8221;Inter||||||||&#8221; body_text_color=&#8221;#84b0ad&#8221; body_font_size=&#8221;15px&#8221; background_color=&#8221;RGBA(255,255,255,0)&#8221; background_layout=&#8221;dark&#8221; border_radii_image=&#8221;off||60px||60px&#8221; global_colors_info=&#8221;{}&#8221;]<\/p>\n<p>IT Security Manager<\/p>\n<p><a href=\"tel:+46(0)70-227%2000 74\">+46(0)70-227 00 74<\/a><\/p>\n<p><a href=\"mailto:fredrik.hultin@inducore.se%20\u200b\u200b\u200b\u200b\u200b\u200b\u200b\">fredrik.hultin@inducore.se \u200b\u200b\u200b\u200b\u200b\u200b\u200b<\/a><\/p>\n<p>[\/et_pb_blurb][et_pb_blurb title=&#8221;Sara Groop&#8221; image=&#8221;https:\/\/inducore.se\/wp-content\/uploads\/2025\/12\/Tom-bild.jpg&#8221; _builder_version=&#8221;4.27.4&#8243; _module_preset=&#8221;default&#8221; header_level=&#8221;h3&#8243; header_font=&#8221;Onest|600|||||||&#8221; header_text_color=&#8221;#FFFFFF&#8221; header_font_size=&#8221;31px&#8221; body_font=&#8221;Inter||||||||&#8221; body_text_color=&#8221;#84b0ad&#8221; body_font_size=&#8221;15px&#8221; background_layout=&#8221;dark&#8221; border_radii_image=&#8221;off||60px||60px&#8221; global_colors_info=&#8221;{}&#8221;]<\/p>\n<p>Group Accounting<\/p>\n<p><a href=\"mailto:sara.group@\u200b\u200b\u200b\u200b\u200b\u200b\u200binducore.se\">sara.groop@\u200b\u200b\u200b\u200b\u200b\u200b\u200binducore.se\u200b\u200b\u200b\u200b<\/a><\/p>\n<p><span>+46 (0)70-300 52 34<\/span><\/p>\n<p>[\/et_pb_blurb][\/et_pb_column][\/et_pb_row][et_pb_row column_structure=&#8221;1_3,1_3,1_3&#8243; use_custom_gutter=&#8221;on&#8221; gutter_width=&#8221;2&#8243; make_equal=&#8221;on&#8221; _builder_version=&#8221;4.27.4&#8243; max_width=&#8221;1350px&#8221; custom_margin=&#8221;31px|auto||auto||&#8221; custom_padding=&#8221;0||29px||false|true&#8221; global_colors_info=&#8221;{}&#8221;][et_pb_column type=&#8221;1_3&#8243; _builder_version=&#8221;4.16&#8243; custom_padding=&#8221;|||&#8221; global_colors_info=&#8221;{}&#8221; custom_padding__hover=&#8221;|||&#8221;][et_pb_blurb title=&#8221;Johanna Backman&#8221; image=&#8221;https:\/\/inducore.se\/wp-content\/uploads\/2025\/12\/Tom-bild.jpg&#8221; _builder_version=&#8221;4.27.4&#8243; _module_preset=&#8221;default&#8221; header_level=&#8221;h3&#8243; header_font=&#8221;Onest|600|||||||&#8221; header_text_color=&#8221;#FFFFFF&#8221; header_font_size=&#8221;31px&#8221; body_font=&#8221;Inter||||||||&#8221; body_text_color=&#8221;#84b0ad&#8221; body_font_size=&#8221;15px&#8221; background_layout=&#8221;dark&#8221; border_radii_image=&#8221;off||60px||60px&#8221; global_colors_info=&#8221;{}&#8221;]<\/p>\n<p>Communications<\/p>\n<p><a href=\"tel:+46(0)70-6780758\">+46(0)70-678 07 58<\/a><\/p>\n<p><a href=\"mailto:fredrik.hultin@inducore.se%20\u200b\u200b\u200b\u200b\u200b\u200b\u200b\">johanna.backman@inducore.se \u200b\u200b\u200b\u200b\u200b\u200b\u200b<\/a><\/p>\n<p>[\/et_pb_blurb][\/et_pb_column][et_pb_column type=\u201d1_3\u2033 _builder_version=\u201d4.16\u2033 custom_padding=\u201d|||\u201d global_colors_info=\u201d{}\u201d custom_padding__hover=\u201d|||\u201d][\/et_pb_column][et_pb_column type=\u201d1_3\u2033 _builder_version=\u201d4.16\u2033 custom_padding=\u201d|||\u201d global_colors_info=\u201d{}\u201d custom_padding__hover=\u201d|||\u201d][\/et_pb_column][\/et_pb_row][\/et_pb_section]<\/p>","protected":false},"excerpt":{"rendered":"<p>Kontakt Inducore AB Kopparbergsv\u00e4gen 10722 13 V\u00e4ster\u00e5sPresident and CEO magnus.biesse@\u200b\u200b\u200b\u200b\u200b\u200b\u200binducore.se +46(0)73-370 36 66Group Business Controller jonas.hellnemo@\u200b\u200b\u200b\u200b\u200b\u200b\u200binducore.se +46(0)70-345 28 00Acting Group CFO urban.russellfelth@\u200b\u200b\u200b\u200b\u200b\u200b\u200binducore.se +46(0)70-762 4077Group P&amp;O +46 (0)76-512 59 18 ellinor.aspman@inducore.seBusiness Area Manager Components +46(0)70-567 41 23 emanuel.svensson@inducore.seGroup Sustainability coordinator monica.sundell@inducore.se +46 (0) 72-088 03 23Group Accounting johanna.schon@\u200b\u200b\u200b\u200b\u200b\u200b\u200binducore.se \u200b\u200b\u200b\u200b\u200b\u200b\u200b\u200b\u200b\u200b\u200b\u200b+46(0)70-46 070 88HR Business Partner +46(0)70-272 52 35 [&hellip;]<\/p>","protected":false},"author":4,"featured_media":0,"parent":0,"menu_order":0,"comment_status":"closed","ping_status":"closed","template":"","meta":{"_et_pb_use_builder":"on","_et_pb_old_content":"","_et_gb_content_width":"","footnotes":""},"difl_page_category":[],"class_list":["post-277515","page","type-page","status-publish","hentry"],"yoast_head":"<!-- This site is optimized with the Yoast SEO plugin v26.3 - https:\/\/yoast.com\/wordpress\/plugins\/seo\/ -->\n<title>Kontakt - s\u00e5 kontaktar du oss och v\u00e5ra medarbetare<\/title>\n<meta name=\"description\" content=\"Vi samlar dina kontaktv\u00e4gar till oss n\u00e4r du vill kontakta Inducore. Vi ser fram emot att h\u00f6ra fr\u00e5n dig.\" \/>\n<meta name=\"robots\" content=\"index, follow, max-snippet:-1, max-image-preview:large, max-video-preview:-1\" \/>\n<link rel=\"canonical\" href=\"https:\/\/inducore.se\/en\/kontakt\/\" \/>\n<meta property=\"og:locale\" content=\"en_GB\" \/>\n<meta property=\"og:type\" content=\"article\" \/>\n<meta property=\"og:title\" content=\"Kontakt - s\u00e5 kontaktar du oss och v\u00e5ra medarbetare\" \/>\n<meta property=\"og:description\" content=\"Vi samlar dina kontaktv\u00e4gar till oss n\u00e4r du vill kontakta Inducore. Vi ser fram emot att h\u00f6ra fr\u00e5n dig.\" \/>\n<meta property=\"og:url\" content=\"https:\/\/inducore.se\/en\/kontakt\/\" \/>\n<meta property=\"og:site_name\" content=\"Inducore\" \/>\n<meta property=\"article:modified_time\" content=\"2026-04-01T06:06:54+00:00\" \/>\n<meta property=\"og:image\" content=\"https:\/\/inducore.se\/wp-content\/uploads\/2025\/04\/hemsida-frontpage-5beskuren-1-scaled-1.jpg\" \/>\n\t<meta property=\"og:image:width\" content=\"2560\" \/>\n\t<meta property=\"og:image:height\" content=\"1012\" \/>\n\t<meta property=\"og:image:type\" content=\"image\/jpeg\" \/>\n<meta name=\"twitter:card\" content=\"summary_large_image\" \/>\n<meta name=\"twitter:label1\" content=\"Estimated reading time\" \/>\n\t<meta name=\"twitter:data1\" content=\"4 minutes\" \/>\n<script type=\"application\/ld+json\" class=\"yoast-schema-graph\">{\"@context\":\"https:\/\/schema.org\",\"@graph\":[{\"@type\":\"WebPage\",\"@id\":\"https:\/\/inducore.se\/kontakt\/\",\"url\":\"https:\/\/inducore.se\/kontakt\/\",\"name\":\"Kontakt - s\u00e5 kontaktar du oss och v\u00e5ra medarbetare\",\"isPartOf\":{\"@id\":\"https:\/\/inducore.se\/en\/#website\"},\"datePublished\":\"2025-05-22T17:53:54+00:00\",\"dateModified\":\"2026-04-01T06:06:54+00:00\",\"description\":\"Vi samlar dina kontaktv\u00e4gar till oss n\u00e4r du vill kontakta Inducore. Vi ser fram emot att h\u00f6ra fr\u00e5n dig.\",\"breadcrumb\":{\"@id\":\"https:\/\/inducore.se\/kontakt\/#breadcrumb\"},\"inLanguage\":\"en-GB\",\"potentialAction\":[{\"@type\":\"ReadAction\",\"target\":[\"https:\/\/inducore.se\/kontakt\/\"]}]},{\"@type\":\"BreadcrumbList\",\"@id\":\"https:\/\/inducore.se\/kontakt\/#breadcrumb\",\"itemListElement\":[{\"@type\":\"ListItem\",\"position\":1,\"name\":\"Hem\",\"item\":\"https:\/\/inducore.se\/\"},{\"@type\":\"ListItem\",\"position\":2,\"name\":\"Kontakt\"}]},{\"@type\":\"WebSite\",\"@id\":\"https:\/\/inducore.se\/en\/#website\",\"url\":\"https:\/\/inducore.se\/en\/\",\"name\":\"Inducore\",\"description\":\"Industriella entrepren\u00f6rer med kunden i fokus\",\"publisher\":{\"@id\":\"https:\/\/inducore.se\/en\/#organization\"},\"potentialAction\":[{\"@type\":\"SearchAction\",\"target\":{\"@type\":\"EntryPoint\",\"urlTemplate\":\"https:\/\/inducore.se\/en\/?s={search_term_string}\"},\"query-input\":{\"@type\":\"PropertyValueSpecification\",\"valueRequired\":true,\"valueName\":\"search_term_string\"}}],\"inLanguage\":\"en-GB\"},{\"@type\":\"Organization\",\"@id\":\"https:\/\/inducore.se\/en\/#organization\",\"name\":\"Inducore\",\"url\":\"https:\/\/inducore.se\/en\/\",\"logo\":{\"@type\":\"ImageObject\",\"inLanguage\":\"en-GB\",\"@id\":\"https:\/\/inducore.se\/en\/#\/schema\/logo\/image\/\",\"url\":\"https:\/\/inducore.se\/wp-content\/uploads\/2025\/06\/Inducore-logo-rgb-300x70-1.png\",\"contentUrl\":\"https:\/\/inducore.se\/wp-content\/uploads\/2025\/06\/Inducore-logo-rgb-300x70-1.png\",\"width\":2364,\"height\":548,\"caption\":\"Inducore\"},\"image\":{\"@id\":\"https:\/\/inducore.se\/en\/#\/schema\/logo\/image\/\"},\"sameAs\":[\"https:\/\/se.linkedin.com\/company\/inducore-ab\"]}]}<\/script>\n<!-- \/ Yoast SEO plugin. -->","yoast_head_json":{"title":"Contact - how to contact us and our employees","description":"We collect your contact information when you want to contact Inducore. We look forward to hearing from you.","robots":{"index":"index","follow":"follow","max-snippet":"max-snippet:-1","max-image-preview":"max-image-preview:large","max-video-preview":"max-video-preview:-1"},"canonical":"https:\/\/inducore.se\/en\/kontakt\/","og_locale":"en_GB","og_type":"article","og_title":"Kontakt - s\u00e5 kontaktar du oss och v\u00e5ra medarbetare","og_description":"Vi samlar dina kontaktv\u00e4gar till oss n\u00e4r du vill kontakta Inducore. Vi ser fram emot att h\u00f6ra fr\u00e5n dig.","og_url":"https:\/\/inducore.se\/en\/kontakt\/","og_site_name":"Inducore","article_modified_time":"2026-04-01T06:06:54+00:00","og_image":[{"width":2560,"height":1012,"url":"https:\/\/inducore.se\/wp-content\/uploads\/2025\/04\/hemsida-frontpage-5beskuren-1-scaled-1.jpg","type":"image\/jpeg"}],"twitter_card":"summary_large_image","twitter_misc":{"Estimated reading time":"4 minutes"},"schema":{"@context":"https:\/\/schema.org","@graph":[{"@type":"WebPage","@id":"https:\/\/inducore.se\/kontakt\/","url":"https:\/\/inducore.se\/kontakt\/","name":"Contact - how to contact us and our employees","isPartOf":{"@id":"https:\/\/inducore.se\/en\/#website"},"datePublished":"2025-05-22T17:53:54+00:00","dateModified":"2026-04-01T06:06:54+00:00","description":"We collect your contact information when you want to contact Inducore. We look forward to hearing from you.","breadcrumb":{"@id":"https:\/\/inducore.se\/kontakt\/#breadcrumb"},"inLanguage":"en-GB","potentialAction":[{"@type":"ReadAction","target":["https:\/\/inducore.se\/kontakt\/"]}]},{"@type":"BreadcrumbList","@id":"https:\/\/inducore.se\/kontakt\/#breadcrumb","itemListElement":[{"@type":"ListItem","position":1,"name":"Hem","item":"https:\/\/inducore.se\/"},{"@type":"ListItem","position":2,"name":"Kontakt"}]},{"@type":"WebSite","@id":"https:\/\/inducore.se\/en\/#website","url":"https:\/\/inducore.se\/en\/","name":"Inducore","description":"Industrial contractors with the customer in focus","publisher":{"@id":"https:\/\/inducore.se\/en\/#organization"},"potentialAction":[{"@type":"SearchAction","target":{"@type":"EntryPoint","urlTemplate":"https:\/\/inducore.se\/en\/?s={search_term_string}"},"query-input":{"@type":"PropertyValueSpecification","valueRequired":true,"valueName":"search_term_string"}}],"inLanguage":"en-GB"},{"@type":"Organization","@id":"https:\/\/inducore.se\/en\/#organization","name":"Inducore","url":"https:\/\/inducore.se\/en\/","logo":{"@type":"ImageObject","inLanguage":"en-GB","@id":"https:\/\/inducore.se\/en\/#\/schema\/logo\/image\/","url":"https:\/\/inducore.se\/wp-content\/uploads\/2025\/06\/Inducore-logo-rgb-300x70-1.png","contentUrl":"https:\/\/inducore.se\/wp-content\/uploads\/2025\/06\/Inducore-logo-rgb-300x70-1.png","width":2364,"height":548,"caption":"Inducore"},"image":{"@id":"https:\/\/inducore.se\/en\/#\/schema\/logo\/image\/"},"sameAs":["https:\/\/se.linkedin.com\/company\/inducore-ab"]}]}},"_links":{"self":[{"href":"https:\/\/inducore.se\/en\/wp-json\/wp\/v2\/pages\/277515","targetHints":{"allow":["GET"]}}],"collection":[{"href":"https:\/\/inducore.se\/en\/wp-json\/wp\/v2\/pages"}],"about":[{"href":"https:\/\/inducore.se\/en\/wp-json\/wp\/v2\/types\/page"}],"author":[{"embeddable":true,"href":"https:\/\/inducore.se\/en\/wp-json\/wp\/v2\/users\/4"}],"replies":[{"embeddable":true,"href":"https:\/\/inducore.se\/en\/wp-json\/wp\/v2\/comments?post=277515"}],"version-history":[{"count":0,"href":"https:\/\/inducore.se\/en\/wp-json\/wp\/v2\/pages\/277515\/revisions"}],"wp:attachment":[{"href":"https:\/\/inducore.se\/en\/wp-json\/wp\/v2\/media?parent=277515"}],"wp:term":[{"taxonomy":"difl_page_category","embeddable":true,"href":"https:\/\/inducore.se\/en\/wp-json\/wp\/v2\/difl_page_category?post=277515"}],"curies":[{"name":"wp","href":"https:\/\/api.w.org\/{rel}","templated":true}]}}